{"id":2532,"date":"2022-08-04T13:18:57","date_gmt":"2022-08-04T13:18:57","guid":{"rendered":"https:\/\/cepn-fnec.ca\/en\/?page_id=2532"},"modified":"2024-11-05T13:35:16","modified_gmt":"2024-11-05T18:35:16","slug":"school-calendars","status":"publish","type":"page","link":"https:\/\/cepn-fnec.ca\/en\/school-calendars\/","title":{"rendered":"school calendars"},"content":{"rendered":"<p>[et_pb_section fb_built=&#8221;1&#8243; admin_label=&#8221;Hero Section&#8221; _builder_version=&#8221;4.17.6&#8243; use_background_color_gradient=&#8221;on&#8221; background_color_gradient_direction=&#8221;120deg&#8221; background_color_gradient_stops=&#8221;#000000 0%|rgba(0,0,0,0) 100%&#8221; background_color_gradient_overlays_image=&#8221;on&#8221; background_color_gradient_start=&#8221;#000000&#8243; background_color_gradient_end=&#8221;rgba(0,0,0,0)&#8221; background_image=&#8221;https:\/\/cepn-fnec.ca\/en\/wp-content\/uploads\/2021\/01\/mat4-domaines.jpg&#8221; custom_padding=&#8221;10%||14.4%|||&#8221; bottom_divider_flip=&#8221;horizontal&#8221; animation_style=&#8221;slide&#8221; global_colors_info=&#8221;{}&#8221;][et_pb_row column_structure=&#8221;3_4,1_4&#8243; admin_label=&#8221;Hero Area&#8221; _builder_version=&#8221;4.16&#8243; global_colors_info=&#8221;{}&#8221;][et_pb_column type=&#8221;3_4&#8243; _builder_version=&#8221;4.16&#8243; custom_padding=&#8221;|||&#8221; global_colors_info=&#8221;{}&#8221; custom_padding__hover=&#8221;|||&#8221;][et_pb_text admin_label=&#8221;Title&#8221; _builder_version=&#8221;4.17.6&#8243; text_font=&#8221;||||||||&#8221; text_font_size=&#8221;31px&#8221; header_font=&#8221;Adamina|600|||||||&#8221; header_font_size=&#8221;60px&#8221; header_line_height=&#8221;1.2em&#8221; background_layout=&#8221;dark&#8221; animation_style=&#8221;fade&#8221; header_font_size_tablet=&#8221;&#8221; header_font_size_phone=&#8221;40px&#8221; header_font_size_last_edited=&#8221;on|phone&#8221; global_colors_info=&#8221;{}&#8221;]<\/p>\n<h1>School calendars<\/h1>\n<p>[\/et_pb_text][\/et_pb_column][et_pb_column type=&#8221;1_4&#8243; _builder_version=&#8221;4.16&#8243; custom_padding=&#8221;|||&#8221; global_colors_info=&#8221;{}&#8221; custom_padding__hover=&#8221;|||&#8221;][\/et_pb_column][\/et_pb_row][\/et_pb_section][et_pb_section fb_built=&#8221;1&#8243; admin_label=&#8221;Split Section&#8221; _builder_version=&#8221;4.16&#8243; background_color=&#8221;#FFFFFF&#8221; custom_padding=&#8221;0px||0px|&#8221; animation_style=&#8221;fold&#8221; animation_direction=&#8221;bottom&#8221; animation_intensity_fold=&#8221;4%&#8221; locked=&#8221;off&#8221; global_colors_info=&#8221;{}&#8221;][et_pb_row _builder_version=&#8221;4.16&#8243; _module_preset=&#8221;default&#8221; width=&#8221;100%&#8221; max_width=&#8221;1213px&#8221; custom_padding=&#8221;||80px|||&#8221; global_colors_info=&#8221;{}&#8221;][et_pb_column type=&#8221;4_4&#8243; _builder_version=&#8221;4.16&#8243; _module_preset=&#8221;default&#8221; global_colors_info=&#8221;{}&#8221;][et_pb_text _builder_version=&#8221;4.27.2&#8243; _module_preset=&#8221;default&#8221; text_font_size=&#8221;20px&#8221; text_orientation=&#8221;center&#8221; hover_enabled=&#8221;0&#8243; global_colors_info=&#8221;{}&#8221; sticky_enabled=&#8221;0&#8243;]<\/p>\n<p><a href=\"https:\/\/cepn-fnec.ca\/wp-content\/uploads\/2024\/11\/Wejgwapniag-School.pdf\" target=\"_blank\" rel=\"noopener\">Gesgapegiag Wejgwapniag School<\/a><\/p>\n<p><a href=\"https:\/\/cepn-fnec.ca\/wp-content\/uploads\/2024\/11\/Kahnawake-Survival-School.pdf\" target=\"_blank\" rel=\"noopener\">Kahnawake Survival School<\/a><\/p>\n<p><a href=\"https:\/\/cepn-fnec.ca\/wp-content\/uploads\/2024\/11\/Karonhianonhnha-School.pdf\" target=\"_blank\" rel=\"noopener\">Kahnawake karonhianonhnha School<\/a><\/p>\n<p><a href=\"https:\/\/cepn-fnec.ca\/wp-content\/uploads\/2024\/11\/Kateri-School.pdf\" target=\"_blank\" rel=\"noopener\">Kahnawake Kateri School<\/a><\/p>\n<p><a href=\"https:\/\/cepn-fnec.ca\/wp-content\/uploads\/2024\/11\/Rotiwennakehte-School.pdf\" target=\"_blank\" rel=\"noopener\">Kanesatake Rotiwennakehte School<\/a><\/p>\n<p><a href=\"https:\/\/cepn-fnec.ca\/wp-content\/uploads\/2024\/11\/Ratihente-High-School.pdf\" target=\"_blank\" rel=\"noopener\">Kanesatake Ratihente<\/a><\/p>\n<p><a href=\"https:\/\/cepn-fnec.ca\/wp-content\/uploads\/2024\/11\/Ecole-Mikizicec.pdf\" target=\"_blank\" rel=\"noopener\">Kitcisakik Mikizisec<\/a><\/p>\n<p><a href=\"https:\/\/cepn-fnec.ca\/wp-content\/uploads\/2024\/11\/Kitiga-Zibi-Kikinamadinan.pdf\" target=\"_blank\" rel=\"noopener\">Kitigan Zibi Kikinamadinan School<\/a><\/p>\n<p><a href=\"https:\/\/cepn-fnec.ca\/wp-content\/uploads\/2024\/11\/Alaqsitew-Gitpu-School.pdf\" target=\"_blank\" rel=\"noopener\">Listuguj Alaqsitew Gitpu School<\/a><\/p>\n<p><a href=\"https:\/\/cepn-fnec.ca\/wp-content\/uploads\/2024\/11\/Ecole-Otapi.pdf\" target=\"_blank\" rel=\"noopener\">Manawan \u00c9cole Secondaire Otapi<\/a><\/p>\n<p><a href=\"https:\/\/cepn-fnec.ca\/wp-content\/uploads\/2024\/11\/Ecole-Awacak-okiskinohamatowikamikowaw.pdf\" target=\"_blank\" rel=\"noopener\">Manawan \u00c9cole Awacak okiskinohamatowikamikowaw<\/a><\/p>\n<p><a href=\"https:\/\/cepn-fnec.ca\/wp-content\/uploads\/2024\/11\/Ecole-Amishk.pdf\" target=\"_blank\" rel=\"noopener\">Mashteuiatsh \u00c9cole Amishk<\/a><\/p>\n<p><a href=\"https:\/\/cepn-fnec.ca\/wp-content\/uploads\/2024\/11\/Ecole-Kassinu-Mamu.pdf\" target=\"_blank\" rel=\"noopener\">Mashteuiatsh \u00c9cole secondaire Kassinu Mamu<\/a><\/p>\n<p><a href=\"https:\/\/cepn-fnec.ca\/wp-content\/uploads\/2024\/11\/Ecole-Mikisiw.pdf\" target=\"_blank\" rel=\"noopener\">Opitciwan Mikisiw<\/a><\/p>\n<p><a href=\"https:\/\/cepn-fnec.ca\/wp-content\/uploads\/2024\/11\/Ecole-Niska.pdf\" target=\"_blank\" rel=\"noopener\">Opitciwan Niska<\/a><\/p>\n<p><a href=\"https:\/\/cepn-fnec.ca\/wp-content\/uploads\/2024\/11\/Ecole-Migwan.pdf\" target=\"_blank\" rel=\"noopener\">Pikogan \u00c9cole Migwan<\/a><\/p>\n<p><a href=\"https:\/\/cepn-fnec.ca\/wp-content\/uploads\/2024\/11\/Kiwetin-Kikinamading.pdf\" target=\"_blank\" rel=\"noopener\">Timiskaming Kiwetin<\/a><\/p>\n<p><a href=\"https:\/\/cepn-fnec.ca\/wp-content\/uploads\/2024\/11\/Ecole-primaire-Seskitin.pdf\" target=\"_blank\" rel=\"noopener\">Wemotaci \u00c9cole Primaire Seskitin<\/a><\/p>\n<p><a href=\"https:\/\/cepn-fnec.ca\/wp-content\/uploads\/2024\/11\/Ecole-secondaire-Nikanik.pdf\" target=\"_blank\" rel=\"noopener\">Wemotaci \u00c9cole Secondaire Nikanik<\/a><\/p>\n<p><a href=\"https:\/\/cepn-fnec.ca\/wp-content\/uploads\/2024\/11\/Ecole-Wahta.pdf\" target=\"_blank\" rel=\"noopener\">Wendake \u00c9cole Wahta&#8217;<\/a><\/p>\n<p><a href=\"https:\/\/cepn-fnec.ca\/wp-content\/uploads\/2024\/11\/Amo-ososwan-School.pdf\" target=\"_blank\" rel=\"noopener\">Winneway Amo Ossoswan<\/a><\/p>\n<p>[\/et_pb_text][\/et_pb_column][\/et_pb_row][\/et_pb_section][et_pb_section fb_built=&#8221;1&#8243; _builder_version=&#8221;4.7.7&#8243; _module_preset=&#8221;default&#8221; background_color=&#8221;#282828&#8243; background_enable_image=&#8221;off&#8221; custom_padding=&#8221;22px||41px|||&#8221; animation_style=&#8221;slide&#8221; global_module=&#8221;930&#8243; saved_tabs=&#8221;all&#8221; global_colors_info=&#8221;{}&#8221;][et_pb_row column_structure=&#8221;1_2,1_2&#8243; _builder_version=&#8221;4.16&#8243; _module_preset=&#8221;default&#8221; max_width=&#8221;716px&#8221; custom_padding=&#8221;12px|||||&#8221; global_colors_info=&#8221;{}&#8221;][et_pb_column type=&#8221;1_2&#8243; _builder_version=&#8221;4.16&#8243; _module_preset=&#8221;default&#8221; global_colors_info=&#8221;{}&#8221;][et_pb_text _builder_version=&#8221;4.16&#8243; _module_preset=&#8221;default&#8221; text_font=&#8221;|300|||||||&#8221; text_text_color=&#8221;#000000&#8243; text_font_size=&#8221;17px&#8221; header_font=&#8221;||||||||&#8221; header_text_color=&#8221;#ffffff&#8221; header_2_font=&#8221;Adamina|200|||||||&#8221; header_2_text_align=&#8221;center&#8221; header_2_text_color=&#8221;#ffffff&#8221; header_2_font_size=&#8221;31px&#8221; header_3_font=&#8221;Rufina|500|||||||&#8221; header_3_font_size=&#8221;28px&#8221; header_3_line_height=&#8221;1.6em&#8221; text_orientation=&#8221;center&#8221; custom_margin=&#8221;||13px|||&#8221; custom_padding=&#8221;15px|||||&#8221; animation_style=&#8221;slide&#8221; animation_direction=&#8221;left&#8221; header_2_font_size_tablet=&#8221;35px&#8221; header_2_font_size_phone=&#8221;30px&#8221; header_2_font_size_last_edited=&#8221;on|tablet&#8221; header_3_font_size_tablet=&#8221;22px&#8221; header_3_font_size_phone=&#8221;20px&#8221; header_3_font_size_last_edited=&#8221;on|phone&#8221; locked=&#8221;off&#8221; global_colors_info=&#8221;{}&#8221;]<\/p>\n<h2>Follow us on<br \/> Facebook<\/h2>\n<p>[\/et_pb_text][et_pb_button button_url=&#8221;http:\/\/www.facebook.com\/cepn.fnec&#8221; url_new_window=&#8221;on&#8221; button_text=&#8221;FOLLOW&#8221; button_alignment=&#8221;center&#8221; _builder_version=&#8221;4.16&#8243; _module_preset=&#8221;default&#8221; custom_button=&#8221;on&#8221; button_text_size=&#8221;18px&#8221; button_border_width=&#8221;1px&#8221; global_colors_info=&#8221;{}&#8221;][\/et_pb_button][\/et_pb_column][et_pb_column type=&#8221;1_2&#8243; _builder_version=&#8221;4.16&#8243; _module_preset=&#8221;default&#8221; global_colors_info=&#8221;{}&#8221;][et_pb_text _builder_version=&#8221;4.16&#8243; _module_preset=&#8221;default&#8221; text_font=&#8221;|300|||||||&#8221; text_text_color=&#8221;#000000&#8243; text_font_size=&#8221;17px&#8221; header_font=&#8221;||||||||&#8221; header_text_color=&#8221;#ffffff&#8221; header_2_font=&#8221;Adamina|200|||||||&#8221; header_2_text_align=&#8221;center&#8221; header_2_text_color=&#8221;#ffffff&#8221; header_2_font_size=&#8221;31px&#8221; header_3_font=&#8221;Rufina|500|||||||&#8221; header_3_font_size=&#8221;28px&#8221; header_3_line_height=&#8221;1.6em&#8221; text_orientation=&#8221;center&#8221; custom_margin=&#8221;||13px|||&#8221; custom_padding=&#8221;15px|||||&#8221; animation_style=&#8221;slide&#8221; animation_direction=&#8221;left&#8221; header_2_font_size_tablet=&#8221;35px&#8221; header_2_font_size_phone=&#8221;30px&#8221; header_2_font_size_last_edited=&#8221;on|tablet&#8221; header_3_font_size_tablet=&#8221;22px&#8221; header_3_font_size_phone=&#8221;20px&#8221; header_3_font_size_last_edited=&#8221;on|phone&#8221; locked=&#8221;off&#8221; global_colors_info=&#8221;{}&#8221;]<\/p>\n<h2>Subscribe\u00a0to our Newsletter<\/h2>\n<p>[\/et_pb_text][et_pb_button button_url=&#8221;mailto:newsletter@cepn-fnec.com&#8221; url_new_window=&#8221;on&#8221; button_text=&#8221;SUBSCRIBE&#8221; button_alignment=&#8221;center&#8221; _builder_version=&#8221;4.16&#8243; _module_preset=&#8221;default&#8221; custom_button=&#8221;on&#8221; button_text_size=&#8221;18px&#8221; button_border_width=&#8221;1px&#8221; global_colors_info=&#8221;{}&#8221;][\/et_pb_button][\/et_pb_column][\/et_pb_row][\/et_pb_section][et_pb_section fb_built=&#8221;1&#8243; custom_padding_last_edited=&#8221;off|desktop&#8221; admin_label=&#8221;Footer&#8221; _builder_version=&#8221;4.16&#8243; use_background_color_gradient=&#8221;on&#8221; background_color_gradient_direction=&#8221;135deg&#8221; background_color_gradient_stops=&#8221;rgba(38,45,63,0.8) 0%|rgba(38,45,63,0.14) 100%&#8221; background_color_gradient_overlays_image=&#8221;on&#8221; background_color_gradient_start=&#8221;rgba(38,45,63,0.8)&#8221; background_color_gradient_end=&#8221;rgba(38,45,63,0.14)&#8221; background_image=&#8221;https:\/\/cepn-fnec.ca\/en\/wp-content\/uploads\/2021\/01\/riviere3.jpg&#8221; custom_padding=&#8221;2vw||2vw||false|false&#8221; custom_padding_tablet=&#8221;170px||50px|&#8221; top_divider_height=&#8221;10vw&#8221; top_divider_height_tablet=&#8221;80px&#8221; top_divider_height_phone=&#8221;80px&#8221; top_divider_height_last_edited=&#8221;off|desktop&#8221; bottom_divider_color=&#8221;#ffffff&#8221; bottom_divider_height=&#8221;200px&#8221; bottom_divider_repeat=&#8221;2x&#8221; bottom_divider_arrangement=&#8221;above_content&#8221; background_color_gradient_stops_tablet=&#8221;rgba(38,45,63,0.8) 0%|rgba(38,45,63,0.14) 100%&#8221; background_color_gradient_stops_phone=&#8221;rgba(38,45,63,0.8) 0%|rgba(38,45,63,0.14) 100%&#8221; global_module=&#8221;999&#8243; locked=&#8221;off&#8221; global_colors_info=&#8221;{}&#8221; top_divider_height__hover_enabled=&#8221;on&#8221; top_divider_height__hover=&#8221;12vw&#8221;][et_pb_row _builder_version=&#8221;4.16&#8243; global_colors_info=&#8221;{}&#8221;][et_pb_column type=&#8221;4_4&#8243; _builder_version=&#8221;4.16&#8243; custom_padding=&#8221;|||&#8221; global_colors_info=&#8221;{}&#8221; custom_padding__hover=&#8221;|||&#8221;][et_pb_text admin_label=&#8221;Title&#8221; _builder_version=&#8221;4.16&#8243; text_font=&#8221;||||||||&#8221; header_font=&#8221;||||||||&#8221; header_2_font=&#8221;Adamina|700|||||||&#8221; header_2_font_size=&#8221;40px&#8221; header_2_letter_spacing=&#8221;0em&#8221; header_2_line_height=&#8221;1.4em&#8221; text_orientation=&#8221;center&#8221; background_layout=&#8221;dark&#8221; custom_margin=&#8221;||0px&#8221; custom_margin_tablet=&#8221;|||0vw&#8221; custom_margin_phone=&#8221;||0px&#8221; custom_margin_last_edited=&#8221;off|desktop&#8221; animation_style=&#8221;slide&#8221; animation_direction=&#8221;top&#8221; animation_delay=&#8221;100ms&#8221; animation_intensity_slide=&#8221;10%&#8221; header_2_font_size_tablet=&#8221;33px&#8221; header_2_font_size_phone=&#8221;30px&#8221; header_2_font_size_last_edited=&#8221;on|phone&#8221; header_2_text_shadow_style=&#8221;preset3&#8243; header_2_text_shadow_blur_strength=&#8221;0.4em&#8221; header_2_text_shadow_color=&#8221;rgba(255,255,255,0.6)&#8221; global_colors_info=&#8221;{}&#8221;]<\/p>\n<h2>Contact us<\/h2>\n<p>[\/et_pb_text][\/et_pb_column][\/et_pb_row][et_pb_row column_structure=&#8221;1_3,1_3,1_3&#8243; _builder_version=&#8221;4.16&#8243; _module_preset=&#8221;default&#8221; width=&#8221;71%&#8221; max_width=&#8221;1569px&#8221; locked=&#8221;off&#8221; global_colors_info=&#8221;{}&#8221; icon_color__hover=&#8221;#8f8f8f&#8221; icon_color__hover_enabled=&#8221;on|hover&#8221;][et_pb_column type=&#8221;1_3&#8243; _builder_version=&#8221;4.16&#8243; _module_preset=&#8221;default&#8221; global_colors_info=&#8221;{}&#8221;][et_pb_blurb title=&#8221;Directions&#8221; use_icon=&#8221;on&#8221; font_icon=&#8221;&#xe01d;||divi||400&#8243; icon_color=&#8221;#ff7b00&#8243; image_icon_width=&#8221;55px&#8221; _builder_version=&#8221;4.18.0&#8243; _module_preset=&#8221;default&#8221; header_font=&#8221;Adamina|800|||||||&#8221; header_text_align=&#8221;center&#8221; header_text_color=&#8221;#ffffff&#8221; header_font_size=&#8221;28px&#8221; body_font_size=&#8221;18px&#8221; text_orientation=&#8221;center&#8221; background_layout=&#8221;dark&#8221; icon_font_size=&#8221;55px&#8221; global_colors_info=&#8221;{}&#8221;]<\/p>\n<p><span>50, Boul. Bastien<\/span><br \/><span>Wendake, QC<\/span><br \/><span>G0A 4V0<\/span><\/p>\n<p>[\/et_pb_blurb][\/et_pb_column][et_pb_column type=&#8221;1_3&#8243; _builder_version=&#8221;4.16&#8243; _module_preset=&#8221;default&#8221; global_colors_info=&#8221;{}&#8221;][et_pb_blurb title=&#8221;Business hours&#8221; use_icon=&#8221;on&#8221; font_icon=&#8221;&#x7d;||divi||400&#8243; icon_color=&#8221;#ff7b00&#8243; image_icon_width=&#8221;55px&#8221; _builder_version=&#8221;4.16&#8243; _module_preset=&#8221;default&#8221; header_font=&#8221;Adamina|800|||||||&#8221; header_text_align=&#8221;center&#8221; header_text_color=&#8221;#ffffff&#8221; header_font_size=&#8221;28px&#8221; body_font_size=&#8221;18px&#8221; text_orientation=&#8221;center&#8221; background_layout=&#8221;dark&#8221; icon_font_size=&#8221;55px&#8221; global_colors_info=&#8221;{}&#8221;]<\/p>\n<p><strong>Winter<br \/><\/strong><span>Monday to Friday<\/span><br \/> <span>8:00 am to 12:00 pm and<br \/> 1:00 pm to 4:15 pm<br \/><\/span><\/p>\n<p><span><strong>Summer<br \/><\/strong>Monday to Thursday<br \/> 8:00 am to 4:00 pm<br \/> Friday<br \/>8:00 am to noon<br \/><\/span><\/p>\n<p>[\/et_pb_blurb][\/et_pb_column][et_pb_column type=&#8221;1_3&#8243; _builder_version=&#8221;4.16&#8243; _module_preset=&#8221;default&#8221; global_colors_info=&#8221;{}&#8221;][et_pb_blurb title=&#8221;Contact us&#8221; use_icon=&#8221;on&#8221; font_icon=&#8221;&#xe010;||divi||400&#8243; icon_color=&#8221;#ff7b00&#8243; image_icon_width=&#8221;55px&#8221; _builder_version=&#8221;4.16&#8243; _module_preset=&#8221;default&#8221; header_font=&#8221;Adamina|800|||||||&#8221; header_text_align=&#8221;center&#8221; header_text_color=&#8221;#ffffff&#8221; header_font_size=&#8221;28px&#8221; body_font_size=&#8221;18px&#8221; text_orientation=&#8221;center&#8221; background_layout=&#8221;dark&#8221; icon_font_size=&#8221;55px&#8221; global_colors_info=&#8221;{}&#8221;]<\/p>\n<p><span><a href=\"mailto:info@cepn-fnec.com\">info@cepn-fnec.com<\/a><br \/> Toll free: 1-855-842-7672<br \/> Fax: 418-842-9988<\/span><\/p>\n<p>[\/et_pb_blurb][\/et_pb_column][\/et_pb_row][et_pb_row _builder_version=&#8221;4.16&#8243; _module_preset=&#8221;default&#8221; locked=&#8221;off&#8221; global_colors_info=&#8221;{}&#8221;][et_pb_column type=&#8221;4_4&#8243; _builder_version=&#8221;4.16&#8243; _module_preset=&#8221;default&#8221; global_colors_info=&#8221;{}&#8221;][et_pb_blurb _builder_version=&#8221;4.16&#8243; _module_preset=&#8221;default&#8221; header_font=&#8221;|800|||||||&#8221; header_text_align=&#8221;center&#8221; header_font_size=&#8221;28px&#8221; body_text_color=&#8221;#ffffff&#8221; body_font_size=&#8221;18px&#8221; text_orientation=&#8221;center&#8221; locked=&#8221;off&#8221; global_colors_info=&#8221;{}&#8221;]<\/p>\n<p><span>To send a message to the FNEC media relations team, please send an email to<br \/> <\/span><a href=\"mailto:media@cepn-fnec.com\" class=\"lien_mediacepn\">media@cepn-fnec.com<\/a><\/p>\n<p>[\/et_pb_blurb][\/et_pb_column][\/et_pb_row][et_pb_row column_structure=&#8221;1_4,1_4,1_4,1_4&#8243; _builder_version=&#8221;4.16&#8243; _module_preset=&#8221;default&#8221; width=&#8221;13%&#8221; locked=&#8221;off&#8221; global_colors_info=&#8221;{}&#8221;][et_pb_column type=&#8221;1_4&#8243; _builder_version=&#8221;4.16&#8243; _module_preset=&#8221;default&#8221; global_colors_info=&#8221;{}&#8221;][et_pb_blurb use_icon=&#8221;on&#8221; font_icon=&#8221;&#xe0aa;||divi||400&#8243; icon_color=&#8221;#ff7b00&#8243; image_icon_width=&#8221;53px&#8221; _builder_version=&#8221;4.16&#8243; _module_preset=&#8221;default&#8221; link_option_url=&#8221;http:\/\/www.facebook.com\/cepn.fnec&#8221; link_option_url_new_window=&#8221;on&#8221; icon_font_size=&#8221;53px&#8221; global_colors_info=&#8221;{}&#8221; icon_color__hover_enabled=&#8221;on|desktop&#8221; icon_color__hover=&#8221;#8f8f8f&#8221;][\/et_pb_blurb][\/et_pb_column][et_pb_column type=&#8221;1_4&#8243; _builder_version=&#8221;4.16&#8243; _module_preset=&#8221;default&#8221; global_colors_info=&#8221;{}&#8221;][et_pb_blurb use_icon=&#8221;on&#8221; font_icon=&#8221;&#xe0ab;||divi||400&#8243; icon_color=&#8221;#ff7b00&#8243; image_icon_width=&#8221;53px&#8221; _builder_version=&#8221;4.16&#8243; _module_preset=&#8221;default&#8221; link_option_url=&#8221;https:\/\/twitter.com\/cepnfnec&#8221; link_option_url_new_window=&#8221;on&#8221; icon_font_size=&#8221;53px&#8221; global_colors_info=&#8221;{}&#8221; icon_color__hover=&#8221;#8f8f8f&#8221; icon_color__hover_enabled=&#8221;on|desktop&#8221;][\/et_pb_blurb][\/et_pb_column][et_pb_column type=&#8221;1_4&#8243; _builder_version=&#8221;4.16&#8243; _module_preset=&#8221;default&#8221; global_colors_info=&#8221;{}&#8221;][et_pb_blurb use_icon=&#8221;on&#8221; font_icon=&#8221;&#xe0b3;||divi||400&#8243; icon_color=&#8221;#ff7b00&#8243; image_icon_width=&#8221;53px&#8221; _builder_version=&#8221;4.16&#8243; _module_preset=&#8221;default&#8221; link_option_url=&#8221;https:\/\/vimeo.com\/cepnfnec&#8221; link_option_url_new_window=&#8221;on&#8221; icon_font_size=&#8221;53px&#8221; global_colors_info=&#8221;{}&#8221; icon_color__hover=&#8221;#8f8f8f&#8221; icon_color__hover_enabled=&#8221;on|desktop&#8221;][\/et_pb_blurb][\/et_pb_column][et_pb_column type=&#8221;1_4&#8243; _builder_version=&#8221;4.16&#8243; _module_preset=&#8221;default&#8221; global_colors_info=&#8221;{}&#8221;][et_pb_blurb use_icon=&#8221;on&#8221; font_icon=&#8221;&#xe0ba;||divi||400&#8243; icon_color=&#8221;#ff7b00&#8243; image_icon_width=&#8221;53px&#8221; _builder_version=&#8221;4.16&#8243; _module_preset=&#8221;default&#8221; link_option_url=&#8221;https:\/\/www.youtube.com\/user\/CEPNFNEC&#8221; link_option_url_new_window=&#8221;on&#8221; icon_font_size=&#8221;53px&#8221; global_colors_info=&#8221;{}&#8221; icon_color__hover=&#8221;#8f8f8f&#8221; icon_color__hover_enabled=&#8221;on|desktop&#8221;][\/et_pb_blurb][\/et_pb_column][\/et_pb_row][\/et_pb_section]<\/p>\n","protected":false},"excerpt":{"rendered":"<p>School calendarsGesgapegiag Wejgwapniag School Kahnawake Survival School Kahnawake karonhianonhnha School Kahnawake Kateri School Kanesatake Rotiwennakehte School Kanesatake Ratihente Kitcisakik Mikizisec Kitigan Zibi Kikinamadinan School Listuguj Alaqsitew Gitpu School Manawan \u00c9cole Secondaire Otapi Manawan \u00c9cole Awacak okiskinohamatowikamikowaw Mashteuiatsh \u00c9cole Amishk Mashteuiatsh \u00c9cole secondaire Kassinu Mamu Opitciwan Mikisiw Opitciwan Niska Pikogan \u00c9cole Migwan Timiskaming Kiwetin Wemotaci \u00c9cole [&hellip;]<\/p>\n","protected":false},"author":1,"featured_media":0,"parent":0,"menu_order":0,"comment_status":"closed","ping_status":"closed","template":"","meta":{"_et_pb_use_builder":"on","_et_pb_old_content":"","_et_gb_content_width":"","footnotes":""},"class_list":["post-2532","page","type-page","status-publish","hentry"],"_links":{"self":[{"href":"https:\/\/cepn-fnec.ca\/en\/wp-json\/wp\/v2\/pages\/2532"}],"collection":[{"href":"https:\/\/cepn-fnec.ca\/en\/wp-json\/wp\/v2\/pages"}],"about":[{"href":"https:\/\/cepn-fnec.ca\/en\/wp-json\/wp\/v2\/types\/page"}],"author":[{"embeddable":true,"href":"https:\/\/cepn-fnec.ca\/en\/wp-json\/wp\/v2\/users\/1"}],"replies":[{"embeddable":true,"href":"https:\/\/cepn-fnec.ca\/en\/wp-json\/wp\/v2\/comments?post=2532"}],"version-history":[{"count":12,"href":"https:\/\/cepn-fnec.ca\/en\/wp-json\/wp\/v2\/pages\/2532\/revisions"}],"predecessor-version":[{"id":3454,"href":"https:\/\/cepn-fnec.ca\/en\/wp-json\/wp\/v2\/pages\/2532\/revisions\/3454"}],"wp:attachment":[{"href":"https:\/\/cepn-fnec.ca\/en\/wp-json\/wp\/v2\/media?parent=2532"}],"curies":[{"name":"wp","href":"https:\/\/api.w.org\/{rel}","templated":true}]}}