{"id":839,"date":"2021-01-26T19:30:44","date_gmt":"2021-01-26T19:30:44","guid":{"rendered":"https:\/\/cepn-fnec.ca\/implication\/?page_id=839"},"modified":"2021-01-26T19:32:05","modified_gmt":"2021-01-26T19:32:05","slug":"photos","status":"publish","type":"page","link":"https:\/\/cepn-fnec.ca\/implication\/photos\/","title":{"rendered":"Photos"},"content":{"rendered":"<p>[et_pb_section fb_built=&#8221;1&#8243; fullwidth=&#8221;on&#8221; _builder_version=&#8221;3.22&#8243;][et_pb_fullwidth_image src=&#8221;https:\/\/cepn-fnec.ca\/implication\/wp-content\/uploads\/2018\/10\/banner.png&#8221; _builder_version=&#8221;3.17.2&#8243;][\/et_pb_fullwidth_image][\/et_pb_section][et_pb_section fb_built=&#8221;1&#8243; fullwidth=&#8221;on&#8221; _builder_version=&#8221;3.27.3&#8243; background_color=&#8221;#8300e9&#8243; animation_style=&#8221;slide&#8221; saved_tabs=&#8221;all&#8221;][et_pb_fullwidth_header title=&#8221;Infolettre  JE M&#8217;IMPLIQUE!&#8221; text_orientation=&#8221;center&#8221; button_one_text=&#8221;S&#8217;inscrire&#8221; button_one_url=&#8221;mailto:elapointe@cepn-fnec.com&#8221; _builder_version=&#8221;3.19.10&#8243; title_font=&#8221;|700|||||||&#8221; title_text_align=&#8221;center&#8221; title_text_color=&#8221;#ffffff&#8221; title_font_size=&#8221;40px&#8221; content_font=&#8221;||||||||&#8221; content_text_align=&#8221;center&#8221; content_text_color=&#8221;#ffffff&#8221; content_font_size=&#8221;21px&#8221; content_line_height=&#8221;1.3em&#8221; subhead_font=&#8221;||||||||&#8221; subhead_text_color=&#8221;#ffffff&#8221; background_image=&#8221;https:\/\/cepn-fnec.ca\/implication\/wp-content\/uploads\/2019\/02\/infolettre.jpg&#8221; custom_button_one=&#8221;on&#8221; button_one_text_color=&#8221;#ffffff&#8221; button_one_bg_color=&#8221;#8dc44f&#8221; button_one_border_width=&#8221;1px&#8221; button_one_border_color=&#8221;#ffffff&#8221; button_one_border_radius=&#8221;10px&#8221; button_one_font=&#8221;|600|||||||&#8221;]<\/p>\n<p class=\"p1\">S&#8217;inscrire \u00e0 l&#8217;infolettre sur la participation parentale et communautaire<\/p>\n<p>[\/et_pb_fullwidth_header][\/et_pb_section][et_pb_section fb_built=&#8221;1&#8243; _builder_version=&#8221;3.27.3&#8243; background_image=&#8221;https:\/\/cepn-fnec.ca\/implication\/wp-content\/uploads\/2018\/10\/bg-2016-2.png&#8221;][et_pb_row _builder_version=&#8221;3.25&#8243;][et_pb_column type=&#8221;4_4&#8243; _builder_version=&#8221;3.25&#8243; custom_padding=&#8221;|||&#8221; custom_padding__hover=&#8221;|||&#8221;][et_pb_text _builder_version=&#8221;3.27.4&#8243; header_font=&#8221;|700|||||||&#8221; header_text_align=&#8221;center&#8221; header_text_color=&#8221;#ffffff&#8221; header_font_size=&#8221;40px&#8221; header_line_height=&#8221;1.1em&#8221; header_text_shadow_style=&#8221;preset2&#8243;]<\/p>\n<h1 class=\"page-title\">Photos Conf\u00e9rence<br \/> 11 et 12 d\u00e9cembre 2019<br \/> Manoir Saint-Sauveur<\/h1>\n<p>[\/et_pb_text][\/et_pb_column][\/et_pb_row][et_pb_row _builder_version=&#8221;3.25&#8243;][et_pb_column type=&#8221;4_4&#8243; _builder_version=&#8221;3.25&#8243; custom_padding=&#8221;|||&#8221; custom_padding__hover=&#8221;|||&#8221;][et_pb_gallery gallery_ids=&#8221;1444,1447,1450,1452,1453,1455,1457,1462,1463,1468,1481,1483,1488,1489,1491,1496,1504,1506,1518,1522,1530,1531,1532,1538,1540,1544,1545,1547,1549,1552,1553,1555,1564,1565,1569,1573,1577,1578,1586,1594,1597,1604,1609&#8243; posts_number=&#8221;20&#8243; show_title_and_caption=&#8221;off&#8221; _builder_version=&#8221;3.27.3&#8243; pagination_text_color=&#8221;#ffffff&#8221;][\/et_pb_gallery][\/et_pb_column][\/et_pb_row][\/et_pb_section][et_pb_section fb_built=&#8221;1&#8243; _builder_version=&#8221;3.22&#8243; background_image=&#8221;https:\/\/cepn-fnec.ca\/implication\/wp-content\/uploads\/2018\/10\/bg-intro.png&#8221;][et_pb_row _builder_version=&#8221;3.25&#8243;][et_pb_column type=&#8221;4_4&#8243; _builder_version=&#8221;3.25&#8243; custom_padding=&#8221;|||&#8221; custom_padding__hover=&#8221;|||&#8221;][et_pb_text _builder_version=&#8221;3.27.4&#8243; header_font=&#8221;|700|||||||&#8221; header_text_align=&#8221;center&#8221; header_text_color=&#8221;#ffffff&#8221; header_font_size=&#8221;40px&#8221; header_line_height=&#8221;1.1em&#8221; header_text_shadow_style=&#8221;preset2&#8243;]<\/p>\n<h1 class=\"page-title\">Photos Conf\u00e9rence<br \/> 1er et 2 novembre 2018<br \/> Manoir Saint-Sauveur<\/h1>\n<p>[\/et_pb_text][\/et_pb_column][\/et_pb_row][et_pb_row _builder_version=&#8221;3.25&#8243;][et_pb_column type=&#8221;4_4&#8243; _builder_version=&#8221;3.25&#8243; custom_padding=&#8221;|||&#8221; custom_padding__hover=&#8221;|||&#8221;][et_pb_gallery gallery_ids=&#8221;266,255,256,265,264,263,262,261,260,259,258,257,254,253,252,251,250,249,248,247,246,245,244,243,242,241,240,239,238,237,236,235,234,233,232,231,228,229,230&#8243; posts_number=&#8221;20&#8243; show_title_and_caption=&#8221;off&#8221; zoom_icon_color=&#8221;#7cda24&#8243; hover_overlay_color=&#8221;rgba(0,0,0,0)&#8221; _builder_version=&#8221;3.17.5&#8243; caption_font=&#8221;||||||||&#8221; pagination_font=&#8221;||||||||&#8221; pagination_text_color=&#8221;#ffffff&#8221; background_layout=&#8221;dark&#8221;][\/et_pb_gallery][\/et_pb_column][\/et_pb_row][\/et_pb_section][et_pb_section fb_built=&#8221;1&#8243; _builder_version=&#8221;3.22&#8243; background_image=&#8221;https:\/\/cepn-fnec.ca\/implication\/wp-content\/uploads\/2018\/10\/bg-2016-2.png&#8221;][et_pb_row _builder_version=&#8221;3.25&#8243;][et_pb_column type=&#8221;4_4&#8243; _builder_version=&#8221;3.25&#8243; custom_padding=&#8221;|||&#8221; custom_padding__hover=&#8221;|||&#8221;][et_pb_text _builder_version=&#8221;3.27.4&#8243; header_font=&#8221;|700|||||||&#8221; header_text_align=&#8221;center&#8221; header_text_color=&#8221;#000000&#8243; header_font_size=&#8221;40px&#8221; header_line_height=&#8221;1.1em&#8221; header_text_shadow_style=&#8221;preset2&#8243;]<\/p>\n<h1 class=\"page-title\">Photos Conf\u00e9rence<br \/> 16 et 17 novembre 2017<br \/> Manoir Saint-Sauveur<\/h1>\n<p>[\/et_pb_text][\/et_pb_column][\/et_pb_row][et_pb_row _builder_version=&#8221;3.25&#8243;][et_pb_column type=&#8221;4_4&#8243; _builder_version=&#8221;3.25&#8243; custom_padding=&#8221;|||&#8221; custom_padding__hover=&#8221;|||&#8221;][et_pb_gallery gallery_ids=&#8221;96,105,104,103,102,101,100,99,98,97,106,115,114,113,112,111,110,109,108,107,116,125,124,123,122,121,120,119,118,117,135,134,133,132,131,130,129,128,127,126,145,144,143,142,141,140,139,138,137,136,155,154,153,152,151,150,149,148,147,146,165,164,163,162,161,160,159,158,157,156,175,174,173,172,171,170,169,168,167,166,185,184,183,182,181,180,179,178,177,176,195,194,193,192,191,190,189,188,187,186&#8243; posts_number=&#8221;20&#8243; show_title_and_caption=&#8221;off&#8221; zoom_icon_color=&#8221;#7cda24&#8243; hover_overlay_color=&#8221;rgba(0,0,0,0)&#8221; _builder_version=&#8221;3.17.2&#8243; caption_font=&#8221;||||||||&#8221; pagination_font=&#8221;||||||||&#8221; pagination_text_color=&#8221;#ffffff&#8221; background_layout=&#8221;dark&#8221;][\/et_pb_gallery][\/et_pb_column][\/et_pb_row][\/et_pb_section][et_pb_section fb_built=&#8221;1&#8243; _builder_version=&#8221;3.22&#8243; background_image=&#8221;https:\/\/cepn-fnec.ca\/implication\/wp-content\/uploads\/2018\/10\/bg-2017-2.png&#8221;][et_pb_row _builder_version=&#8221;3.25&#8243;][et_pb_column type=&#8221;4_4&#8243; _builder_version=&#8221;3.25&#8243; custom_padding=&#8221;|||&#8221; custom_padding__hover=&#8221;|||&#8221;][et_pb_text _builder_version=&#8221;3.27.4&#8243; header_font=&#8221;|700|||||||&#8221; header_text_align=&#8221;center&#8221; header_text_color=&#8221;#ffffff&#8221; header_font_size=&#8221;40px&#8221; header_line_height=&#8221;1.1em&#8221; header_text_shadow_style=&#8221;preset2&#8243;]<\/p>\n<h1 class=\"page-title\">Photos Conf\u00e9rence<br \/> 24 et 25 novembre\u00a02016 <br \/>Manoir Saint-Sauveur<\/h1>\n<p>[\/et_pb_text][\/et_pb_column][\/et_pb_row][et_pb_row _builder_version=&#8221;3.25&#8243;][et_pb_column type=&#8221;4_4&#8243; _builder_version=&#8221;3.25&#8243; custom_padding=&#8221;|||&#8221; custom_padding__hover=&#8221;|||&#8221;][et_pb_gallery gallery_ids=&#8221;80,81,83,82,84,86,85,87,88,90,89,92,91,93,95,94&#8243; posts_number=&#8221;16&#8243; show_title_and_caption=&#8221;off&#8221; zoom_icon_color=&#8221;#7cda24&#8243; hover_overlay_color=&#8221;rgba(0,0,0,0)&#8221; _builder_version=&#8221;3.17.2&#8243; caption_font=&#8221;||||||||&#8221; pagination_font=&#8221;||||||||&#8221;][\/et_pb_gallery][\/et_pb_column][\/et_pb_row][\/et_pb_section]<\/p>\n","protected":false},"excerpt":{"rendered":"<p>S&#8217;inscrire \u00e0 l&#8217;infolettre sur la participation parentale et communautairePhotos Conf\u00e9rence 11 et 12 d\u00e9cembre 2019 Manoir Saint-SauveurPhotos Conf\u00e9rence 1er et 2 novembre 2018 Manoir Saint-SauveurPhotos Conf\u00e9rence 16 et 17 novembre 2017 Manoir Saint-Sauveur Photos Conf\u00e9rence 24 et 25 novembre\u00a02016 Manoir Saint-Sauveur<\/p>\n","protected":false},"author":1,"featured_media":0,"parent":0,"menu_order":0,"comment_status":"closed","ping_status":"closed","template":"","meta":{"_et_pb_use_builder":"on","_et_pb_old_content":"","_et_gb_content_width":"","footnotes":""},"class_list":["post-839","page","type-page","status-publish","hentry"],"_links":{"self":[{"href":"https:\/\/cepn-fnec.ca\/implication\/wp-json\/wp\/v2\/pages\/839"}],"collection":[{"href":"https:\/\/cepn-fnec.ca\/implication\/wp-json\/wp\/v2\/pages"}],"about":[{"href":"https:\/\/cepn-fnec.ca\/implication\/wp-json\/wp\/v2\/types\/page"}],"author":[{"embeddable":true,"href":"https:\/\/cepn-fnec.ca\/implication\/wp-json\/wp\/v2\/users\/1"}],"replies":[{"embeddable":true,"href":"https:\/\/cepn-fnec.ca\/implication\/wp-json\/wp\/v2\/comments?post=839"}],"version-history":[{"count":3,"href":"https:\/\/cepn-fnec.ca\/implication\/wp-json\/wp\/v2\/pages\/839\/revisions"}],"predecessor-version":[{"id":842,"href":"https:\/\/cepn-fnec.ca\/implication\/wp-json\/wp\/v2\/pages\/839\/revisions\/842"}],"wp:attachment":[{"href":"https:\/\/cepn-fnec.ca\/implication\/wp-json\/wp\/v2\/media?parent=839"}],"curies":[{"name":"wp","href":"https:\/\/api.w.org\/{rel}","templated":true}]}}