{"id":933,"date":"2023-02-01T15:38:54","date_gmt":"2023-02-01T15:38:54","guid":{"rendered":"https:\/\/cepn-fnec.ca\/implication\/?page_id=933"},"modified":"2023-04-05T11:54:26","modified_gmt":"2023-04-05T11:54:26","slug":"a-propos","status":"publish","type":"page","link":"https:\/\/cepn-fnec.ca\/implication\/a-propos\/","title":{"rendered":"\u00e0 propos"},"content":{"rendered":"<p>[et_pb_section fb_built=&#8221;1&#8243; fullwidth=&#8221;on&#8221; _builder_version=&#8221;4.19.4&#8243; global_colors_info=&#8221;{}&#8221;][et_pb_fullwidth_image src=&#8221;https:\/\/cepn-fnec.ca\/implication\/wp-content\/uploads\/2023\/03\/banner-fr.jpg&#8221; title_text=&#8221;banner-fr&#8221; _builder_version=&#8221;4.20.2&#8243; global_colors_info=&#8221;{}&#8221;][\/et_pb_fullwidth_image][\/et_pb_section][et_pb_section fb_built=&#8221;1&#8243; _builder_version=&#8221;4.19.4&#8243; background_color=&#8221;rgba(0,0,0,0.65)&#8221; background_image=&#8221;https:\/\/cepn-fnec.ca\/implication\/wp-content\/uploads\/2019\/06\/slide.jpg&#8221; background_blend=&#8221;overlay&#8221; custom_padding=&#8221;0|0px|0|0px|false|false&#8221; global_colors_info=&#8221;{}&#8221;][et_pb_row _builder_version=&#8221;4.16&#8243; custom_padding=&#8221;98px|0px|27px|0px|false|false&#8221; global_colors_info=&#8221;{}&#8221;][et_pb_column type=&#8221;4_4&#8243; _builder_version=&#8221;4.16&#8243; custom_padding=&#8221;|||&#8221; global_colors_info=&#8221;{}&#8221; custom_padding__hover=&#8221;|||&#8221;][et_pb_text _builder_version=&#8221;4.19.4&#8243; header_font=&#8221;|800|||||||&#8221; header_text_align=&#8221;center&#8221; header_text_color=&#8221;#ffffff&#8221; header_font_size=&#8221;40px&#8221; global_colors_info=&#8221;{}&#8221;]<\/p>\n<h1>\u00c0 propos<\/h1>\n<p>[\/et_pb_text][\/et_pb_column][\/et_pb_row][et_pb_row _builder_version=&#8221;4.19.4&#8243; _module_preset=&#8221;default&#8221; global_colors_info=&#8221;{}&#8221;][et_pb_column type=&#8221;4_4&#8243; _builder_version=&#8221;4.19.4&#8243; _module_preset=&#8221;default&#8221; global_colors_info=&#8221;{}&#8221;][et_pb_text _builder_version=&#8221;4.19.4&#8243; _module_preset=&#8221;default&#8221; text_text_color=&#8221;#FFFFFF&#8221; text_font_size=&#8221;18px&#8221; global_colors_info=&#8221;{}&#8221;]<\/p>\n<p><strong><span>Le CEPN a toujours eu \u00e0 c\u0153ur l\u2019implication des parents dans le parcours \u00e9ducatif de leurs enfants. Mais en 2009, le CEPN a re\u00e7u une demande claire des parents\u00a0: faire de la participation parentale une priorit\u00e9 pour le CEPN et ses communaut\u00e9s membres.<\/span><\/strong><\/p>\n<p><strong><span>2009 \u2013<\/span><\/strong><span> Lors de la 19<sup>e<\/sup>\u00a0Conf\u00e9rence sur l\u2019\u00e9ducation des Premi\u00e8res Nations, les parents expriment le d\u00e9sir d\u2019obtenir des outils pour appuyer leurs d\u00e9marches visant \u00e0 favoriser la participation parentale afin de mieux accompagner leurs enfants au cours de leur cheminement scolaire. <\/span><\/p>\n<p><strong><span>2013 \u2013<\/span><\/strong><span> Un comit\u00e9 de travail, compos\u00e9 de sp\u00e9cialistes du domaine de l\u2019\u00e9ducation provenant du CEPN et de ses communaut\u00e9s membres, est cr\u00e9\u00e9 et charg\u00e9 du mandat de se pencher sur cette question et d\u2019\u00e9laborer des normes en mati\u00e8re de participation parentale et communautaire.<\/span><\/p>\n<p><strong><span>2014 \u2013<\/span><\/strong><span> Des normes de gouvernance des Premi\u00e8res Nations en mati\u00e8re de participation parentale sont adopt\u00e9es en assembl\u00e9e.<\/span><\/p>\n<p><strong><span>2015 \u2013<\/span><\/strong><span> Une campagne de sensibilisation \u00e0 la participation parentale et communautaire est lanc\u00e9e, sur le th\u00e8me <br \/>\u00ab\u00a0Je m\u2019implique!\u00a0\u00bb. L\u2019objectif principal de la campagne est de faire de la participation parentale et communautaire une priorit\u00e9 au sein des communaut\u00e9s en valorisant les enfants, le r\u00f4le des parents, le b\u00e9n\u00e9volat, l\u2019\u00e9cole, les gens qui y travaillent et les diff\u00e9rentes m\u00e9thodes d\u2019apprentissage.<\/span><\/p>\n<p><strong><span>Aujourd\u2019hui \u2013<\/span><\/strong><span> Qu\u2019il s\u2019agisse d\u2019offrir des formations, des activit\u00e9s parents-enfants, du soutien \u00e0 la mise en place de structures de participation parentale, ou encore, de cr\u00e9er des outils de sensibilisation ou de r\u00e9pondre \u00e0 toute autre demande d\u2019accompagnement en participation parentale, le CEPN poursuit ses efforts afin d\u2019aider ses communaut\u00e9s membres \u00e0 cr\u00e9er un environnement accueillant et bienveillant pour les enfants.<\/span><\/p>\n<p><strong><span>Nous sommes l\u00e0 pour vous et votre communaut\u00e9!<\/span><\/strong><\/p>\n<p><strong><span>Eve Lapointe\u00a0: <\/span><\/strong><span><strong><a href=\"mailto:elapointe@cepn-fnec.com\">elapointe@cepn-fnec.com<\/a><a href=\"mailto:elapointe@cepn-fnec.com\"><\/a><\/strong><\/span><\/p>\n<p><span><strong><\/strong><\/span><\/p>\n<p><span><strong><\/strong><\/span><\/p>\n<p>[\/et_pb_text][\/et_pb_column][\/et_pb_row][\/et_pb_section][et_pb_section fb_built=&#8221;1&#8243; _builder_version=&#8221;4.20.2&#8243; _module_preset=&#8221;default&#8221; background_color=&#8221;#000000&#8243; global_colors_info=&#8221;{}&#8221; global_module=&#8221;1020&#8243; theme_builder_area=&#8221;post_content&#8221;][et_pb_row module_id=&#8221;contact&#8221; _builder_version=&#8221;4.20.2&#8243; _module_preset=&#8221;default&#8221; link_option_url=&#8221;contact&#8221; global_colors_info=&#8221;{}&#8221; theme_builder_area=&#8221;post_content&#8221;][et_pb_column type=&#8221;4_4&#8243; _builder_version=&#8221;4.20.2&#8243; _module_preset=&#8221;default&#8221; global_colors_info=&#8221;{}&#8221; theme_builder_area=&#8221;post_content&#8221;][et_pb_text _builder_version=&#8221;4.20.2&#8243; _module_preset=&#8221;default&#8221; header_font=&#8221;|800|||||||&#8221; header_text_align=&#8221;center&#8221; header_text_color=&#8221;#FFFFFF&#8221; global_colors_info=&#8221;{}&#8221; theme_builder_area=&#8221;post_content&#8221;]<\/p>\n<h1>NOUS CONTACTER<\/h1>\n<p>[\/et_pb_text][\/et_pb_column][\/et_pb_row][et_pb_row column_structure=&#8221;1_2,1_2&#8243; _builder_version=&#8221;4.20.2&#8243; _module_preset=&#8221;default&#8221; global_colors_info=&#8221;{}&#8221; theme_builder_area=&#8221;post_content&#8221;][et_pb_column type=&#8221;1_2&#8243; _builder_version=&#8221;4.20.2&#8243; _module_preset=&#8221;default&#8221; global_colors_info=&#8221;{}&#8221; theme_builder_area=&#8221;post_content&#8221;][et_pb_blurb title=&#8221;Directions&#8221; use_icon=&#8221;on&#8221; font_icon=&#8221;&#xe081;||divi||400&#8243; image_icon_width=&#8221;87px&#8221; _builder_version=&#8221;4.20.2&#8243; _module_preset=&#8221;default&#8221; header_font=&#8221;|800|||||||&#8221; header_text_color=&#8221;#FFFFFF&#8221; header_font_size=&#8221;23px&#8221; body_text_color=&#8221;#FFFFFF&#8221; body_font_size=&#8221;18px&#8221; text_orientation=&#8221;center&#8221; global_colors_info=&#8221;{}&#8221; theme_builder_area=&#8221;post_content&#8221;]<\/p>\n<p><span>50, Boul. Bastien<\/span><br \/><span>Wendake, (Qu\u00e9bec)\u00a0<\/span><br \/><span>G0A 4V0<\/span><\/p>\n<p>[\/et_pb_blurb][\/et_pb_column][et_pb_column type=&#8221;1_2&#8243; _builder_version=&#8221;4.20.2&#8243; _module_preset=&#8221;default&#8221; global_colors_info=&#8221;{}&#8221; theme_builder_area=&#8221;post_content&#8221;][et_pb_blurb title=&#8221;Courriel&#8221; use_icon=&#8221;on&#8221; font_icon=&#8221;&#xf0e0;||fa||900&#8243; image_icon_width=&#8221;87px&#8221; _builder_version=&#8221;4.20.2&#8243; _module_preset=&#8221;default&#8221; header_font=&#8221;|800|||||||&#8221; header_text_color=&#8221;#FFFFFF&#8221; header_font_size=&#8221;23px&#8221; body_text_color=&#8221;#FFFFFF&#8221; body_font_size=&#8221;18px&#8221; text_orientation=&#8221;center&#8221; global_colors_info=&#8221;{}&#8221; theme_builder_area=&#8221;post_content&#8221;]<\/p>\n<p><a href=\"mailto:elapointe@cepn-fnec.com\">elapointe@cepn-fnec.com<\/a><br \/>418-842-7672 #3338<\/p>\n<p>[\/et_pb_blurb][\/et_pb_column][\/et_pb_row][\/et_pb_section]<\/p>\n","protected":false},"excerpt":{"rendered":"<p>\u00c0 proposLe CEPN a toujours eu \u00e0 c\u0153ur l\u2019implication des parents dans le parcours \u00e9ducatif de leurs enfants. Mais en 2009, le CEPN a re\u00e7u une demande claire des parents\u00a0: faire de la participation parentale une priorit\u00e9 pour le CEPN et ses communaut\u00e9s membres. 2009 \u2013 Lors de la 19e\u00a0Conf\u00e9rence sur l\u2019\u00e9ducation des Premi\u00e8res Nations, [&hellip;]<\/p>\n","protected":false},"author":1,"featured_media":0,"parent":0,"menu_order":0,"comment_status":"closed","ping_status":"closed","template":"","meta":{"_et_pb_use_builder":"on","_et_pb_old_content":"","_et_gb_content_width":"","footnotes":""},"class_list":["post-933","page","type-page","status-publish","hentry"],"_links":{"self":[{"href":"https:\/\/cepn-fnec.ca\/implication\/wp-json\/wp\/v2\/pages\/933"}],"collection":[{"href":"https:\/\/cepn-fnec.ca\/implication\/wp-json\/wp\/v2\/pages"}],"about":[{"href":"https:\/\/cepn-fnec.ca\/implication\/wp-json\/wp\/v2\/types\/page"}],"author":[{"embeddable":true,"href":"https:\/\/cepn-fnec.ca\/implication\/wp-json\/wp\/v2\/users\/1"}],"replies":[{"embeddable":true,"href":"https:\/\/cepn-fnec.ca\/implication\/wp-json\/wp\/v2\/comments?post=933"}],"version-history":[{"count":9,"href":"https:\/\/cepn-fnec.ca\/implication\/wp-json\/wp\/v2\/pages\/933\/revisions"}],"predecessor-version":[{"id":1022,"href":"https:\/\/cepn-fnec.ca\/implication\/wp-json\/wp\/v2\/pages\/933\/revisions\/1022"}],"wp:attachment":[{"href":"https:\/\/cepn-fnec.ca\/implication\/wp-json\/wp\/v2\/media?parent=933"}],"curies":[{"name":"wp","href":"https:\/\/api.w.org\/{rel}","templated":true}]}}