{"id":944,"date":"2023-02-01T16:04:06","date_gmt":"2023-02-01T16:04:06","guid":{"rendered":"https:\/\/cepn-fnec.ca\/implication\/?page_id=944"},"modified":"2023-04-05T11:55:03","modified_gmt":"2023-04-05T11:55:03","slug":"nos-services","status":"publish","type":"page","link":"https:\/\/cepn-fnec.ca\/implication\/nos-services\/","title":{"rendered":"nos services"},"content":{"rendered":"<p>[et_pb_section fb_built=&#8221;1&#8243; fullwidth=&#8221;on&#8221; _builder_version=&#8221;4.19.4&#8243; global_colors_info=&#8221;{}&#8221;][et_pb_fullwidth_image src=&#8221;https:\/\/cepn-fnec.ca\/implication\/wp-content\/uploads\/2023\/03\/banner-fr.jpg&#8221; title_text=&#8221;banner-fr&#8221; _builder_version=&#8221;4.20.2&#8243; global_colors_info=&#8221;{}&#8221;][\/et_pb_fullwidth_image][\/et_pb_section][et_pb_section fb_built=&#8221;1&#8243; _builder_version=&#8221;4.19.4&#8243; background_color=&#8221;rgba(0,0,0,0.65)&#8221; background_image=&#8221;https:\/\/cepn-fnec.ca\/implication\/wp-content\/uploads\/2021\/01\/PPC2019-46.jpg&#8221; background_blend=&#8221;overlay&#8221; custom_padding=&#8221;0|0px|0|0px|false|false&#8221; global_colors_info=&#8221;{}&#8221;][et_pb_row _builder_version=&#8221;4.16&#8243; custom_padding=&#8221;98px|0px|27px|0px|false|false&#8221; global_colors_info=&#8221;{}&#8221;][et_pb_column type=&#8221;4_4&#8243; _builder_version=&#8221;4.16&#8243; custom_padding=&#8221;|||&#8221; global_colors_info=&#8221;{}&#8221; custom_padding__hover=&#8221;|||&#8221;][et_pb_text _builder_version=&#8221;4.19.4&#8243; header_font=&#8221;|800|||||||&#8221; header_text_align=&#8221;center&#8221; header_text_color=&#8221;#ff5000&#8243; header_font_size=&#8221;40px&#8221; global_colors_info=&#8221;{}&#8221;]<\/p>\n<h1>Nos services<\/h1>\n<p>[\/et_pb_text][\/et_pb_column][\/et_pb_row][et_pb_row _builder_version=&#8221;4.19.4&#8243; _module_preset=&#8221;default&#8221; global_colors_info=&#8221;{}&#8221;][et_pb_column type=&#8221;4_4&#8243; _builder_version=&#8221;4.19.4&#8243; _module_preset=&#8221;default&#8221; global_colors_info=&#8221;{}&#8221;][et_pb_text _builder_version=&#8221;4.19.4&#8243; _module_preset=&#8221;default&#8221; text_text_color=&#8221;#FFFFFF&#8221; text_font_size=&#8221;18px&#8221; global_colors_info=&#8221;{}&#8221;]<\/p>\n<p><span>Les communaut\u00e9s membres peuvent en tout temps faire une demande d\u2019accompagnement ou de services dans le domaine de la participation parentale\u00a0:<\/span><\/p>\n<ul>\n<li><span>pour aider \u00e0 sensibiliser les parents \u00e0 divers sujets;<\/span><\/li>\n<li><span>pour offrir de la formation tant aux parents qu\u2019\u00e0 l\u2019\u00e9quipe-\u00e9cole;<\/span><\/li>\n<li><span>pour cr\u00e9er des outils de sensibilisation;<\/span><\/li>\n<li><span>pour r\u00e9aliser une activit\u00e9 avec les parents;<\/span><\/li>\n<li><span>pour tenir un kiosque dans le cadre d\u2019un \u00e9v\u00e9nement;<\/span><\/li>\n<li><span>pour r\u00e9diger une politique de participation parentale;<\/span><\/li>\n<li><span>pour r\u00e9diger le mandat d\u2019un comit\u00e9;<\/span><\/li>\n<li><span>pour mettre sur pied une structure de participation parentale.<\/span><\/li>\n<\/ul>\n<p><span>Si une id\u00e9e vous vient en t\u00eate, et que vous vous demandez si nous pouvons vous aider, n\u2019h\u00e9sitez pas \u00e0 faire appel \u00e0 nos services. Cela nous fera plaisir de vous accompagner. Nous nous assurerons de r\u00e9pondre \u00e0 vos attentes.<\/span><\/p>\n<p><span><\/span><\/p>\n<p><span><\/span><\/p>\n<p>[\/et_pb_text][\/et_pb_column][\/et_pb_row][\/et_pb_section][et_pb_section fb_built=&#8221;1&#8243; _builder_version=&#8221;4.20.2&#8243; _module_preset=&#8221;default&#8221; background_color=&#8221;#000000&#8243; global_colors_info=&#8221;{}&#8221; global_module=&#8221;1020&#8243; theme_builder_area=&#8221;post_content&#8221;][et_pb_row module_id=&#8221;contact&#8221; _builder_version=&#8221;4.20.2&#8243; _module_preset=&#8221;default&#8221; link_option_url=&#8221;contact&#8221; global_colors_info=&#8221;{}&#8221; theme_builder_area=&#8221;post_content&#8221;][et_pb_column type=&#8221;4_4&#8243; _builder_version=&#8221;4.20.2&#8243; _module_preset=&#8221;default&#8221; global_colors_info=&#8221;{}&#8221; theme_builder_area=&#8221;post_content&#8221;][et_pb_text _builder_version=&#8221;4.20.2&#8243; _module_preset=&#8221;default&#8221; header_font=&#8221;|800|||||||&#8221; header_text_align=&#8221;center&#8221; header_text_color=&#8221;#FFFFFF&#8221; global_colors_info=&#8221;{}&#8221; theme_builder_area=&#8221;post_content&#8221;]<\/p>\n<h1>NOUS CONTACTER<\/h1>\n<p>[\/et_pb_text][\/et_pb_column][\/et_pb_row][et_pb_row column_structure=&#8221;1_2,1_2&#8243; _builder_version=&#8221;4.20.2&#8243; _module_preset=&#8221;default&#8221; global_colors_info=&#8221;{}&#8221; theme_builder_area=&#8221;post_content&#8221;][et_pb_column type=&#8221;1_2&#8243; _builder_version=&#8221;4.20.2&#8243; _module_preset=&#8221;default&#8221; global_colors_info=&#8221;{}&#8221; theme_builder_area=&#8221;post_content&#8221;][et_pb_blurb title=&#8221;Directions&#8221; use_icon=&#8221;on&#8221; font_icon=&#8221;&#xe081;||divi||400&#8243; image_icon_width=&#8221;87px&#8221; _builder_version=&#8221;4.20.2&#8243; _module_preset=&#8221;default&#8221; header_font=&#8221;|800|||||||&#8221; header_text_color=&#8221;#FFFFFF&#8221; header_font_size=&#8221;23px&#8221; body_text_color=&#8221;#FFFFFF&#8221; body_font_size=&#8221;18px&#8221; text_orientation=&#8221;center&#8221; global_colors_info=&#8221;{}&#8221; theme_builder_area=&#8221;post_content&#8221;]<\/p>\n<p><span>50, Boul. Bastien<\/span><br \/><span>Wendake, (Qu\u00e9bec)\u00a0<\/span><br \/><span>G0A 4V0<\/span><\/p>\n<p>[\/et_pb_blurb][\/et_pb_column][et_pb_column type=&#8221;1_2&#8243; _builder_version=&#8221;4.20.2&#8243; _module_preset=&#8221;default&#8221; global_colors_info=&#8221;{}&#8221; theme_builder_area=&#8221;post_content&#8221;][et_pb_blurb title=&#8221;Courriel&#8221; use_icon=&#8221;on&#8221; font_icon=&#8221;&#xf0e0;||fa||900&#8243; image_icon_width=&#8221;87px&#8221; _builder_version=&#8221;4.20.2&#8243; _module_preset=&#8221;default&#8221; header_font=&#8221;|800|||||||&#8221; header_text_color=&#8221;#FFFFFF&#8221; header_font_size=&#8221;23px&#8221; body_text_color=&#8221;#FFFFFF&#8221; body_font_size=&#8221;18px&#8221; text_orientation=&#8221;center&#8221; global_colors_info=&#8221;{}&#8221; theme_builder_area=&#8221;post_content&#8221;]<\/p>\n<p><a href=\"mailto:elapointe@cepn-fnec.com\">elapointe@cepn-fnec.com<\/a><br \/>418-842-7672 #3338<\/p>\n<p>[\/et_pb_blurb][\/et_pb_column][\/et_pb_row][\/et_pb_section]<\/p>\n","protected":false},"excerpt":{"rendered":"<p>Nos servicesLes communaut\u00e9s membres peuvent en tout temps faire une demande d\u2019accompagnement ou de services dans le domaine de la participation parentale\u00a0: pour aider \u00e0 sensibiliser les parents \u00e0 divers sujets; pour offrir de la formation tant aux parents qu\u2019\u00e0 l\u2019\u00e9quipe-\u00e9cole; pour cr\u00e9er des outils de sensibilisation; pour r\u00e9aliser une activit\u00e9 avec les parents; pour [&hellip;]<\/p>\n","protected":false},"author":1,"featured_media":0,"parent":0,"menu_order":0,"comment_status":"closed","ping_status":"closed","template":"","meta":{"_et_pb_use_builder":"on","_et_pb_old_content":"","_et_gb_content_width":"","footnotes":""},"class_list":["post-944","page","type-page","status-publish","hentry"],"_links":{"self":[{"href":"https:\/\/cepn-fnec.ca\/implication\/wp-json\/wp\/v2\/pages\/944"}],"collection":[{"href":"https:\/\/cepn-fnec.ca\/implication\/wp-json\/wp\/v2\/pages"}],"about":[{"href":"https:\/\/cepn-fnec.ca\/implication\/wp-json\/wp\/v2\/types\/page"}],"author":[{"embeddable":true,"href":"https:\/\/cepn-fnec.ca\/implication\/wp-json\/wp\/v2\/users\/1"}],"replies":[{"embeddable":true,"href":"https:\/\/cepn-fnec.ca\/implication\/wp-json\/wp\/v2\/comments?post=944"}],"version-history":[{"count":6,"href":"https:\/\/cepn-fnec.ca\/implication\/wp-json\/wp\/v2\/pages\/944\/revisions"}],"predecessor-version":[{"id":1023,"href":"https:\/\/cepn-fnec.ca\/implication\/wp-json\/wp\/v2\/pages\/944\/revisions\/1023"}],"wp:attachment":[{"href":"https:\/\/cepn-fnec.ca\/implication\/wp-json\/wp\/v2\/media?parent=944"}],"curies":[{"name":"wp","href":"https:\/\/api.w.org\/{rel}","templated":true}]}}