{"id":953,"date":"2023-02-01T16:34:40","date_gmt":"2023-02-01T16:34:40","guid":{"rendered":"https:\/\/cepn-fnec.ca\/implication\/?page_id=953"},"modified":"2023-10-04T15:25:44","modified_gmt":"2023-10-04T15:25:44","slug":"nos-outils","status":"publish","type":"page","link":"https:\/\/cepn-fnec.ca\/implication\/nos-outils\/","title":{"rendered":"Nos outils"},"content":{"rendered":"<p>[et_pb_section fb_built=&#8221;1&#8243; fullwidth=&#8221;on&#8221; _builder_version=&#8221;4.19.4&#8243; global_colors_info=&#8221;{}&#8221;][et_pb_fullwidth_image src=&#8221;https:\/\/cepn-fnec.ca\/implication\/wp-content\/uploads\/2023\/03\/banner-fr.jpg&#8221; title_text=&#8221;banner-fr&#8221; _builder_version=&#8221;4.20.2&#8243; global_colors_info=&#8221;{}&#8221;][\/et_pb_fullwidth_image][\/et_pb_section][et_pb_section fb_built=&#8221;1&#8243; _builder_version=&#8221;4.19.4&#8243; background_color=&#8221;rgba(0,0,0,0.65)&#8221; background_image=&#8221;https:\/\/cepn-fnec.ca\/implication\/wp-content\/uploads\/2019\/06\/slide3.jpg&#8221; background_blend=&#8221;overlay&#8221; custom_padding=&#8221;0|0px|0|0px|false|false&#8221; global_colors_info=&#8221;{}&#8221;][et_pb_row _builder_version=&#8221;4.16&#8243; custom_padding=&#8221;98px|0px|27px|0px|false|false&#8221; global_colors_info=&#8221;{}&#8221;][et_pb_column type=&#8221;4_4&#8243; _builder_version=&#8221;4.16&#8243; custom_padding=&#8221;|||&#8221; global_colors_info=&#8221;{}&#8221; custom_padding__hover=&#8221;|||&#8221;][et_pb_text _builder_version=&#8221;4.19.4&#8243; header_font=&#8221;|800|||||||&#8221; header_text_align=&#8221;center&#8221; header_text_color=&#8221;#efcb00&#8243; header_font_size=&#8221;40px&#8221; global_colors_info=&#8221;{}&#8221;]<\/p>\n<h1>Nos outils<\/h1>\n<p>[\/et_pb_text][\/et_pb_column][\/et_pb_row][et_pb_row _builder_version=&#8221;4.19.4&#8243; _module_preset=&#8221;default&#8221; global_colors_info=&#8221;{}&#8221;][et_pb_column type=&#8221;4_4&#8243; _builder_version=&#8221;4.19.4&#8243; _module_preset=&#8221;default&#8221; global_colors_info=&#8221;{}&#8221;][et_pb_text _builder_version=&#8221;4.20.2&#8243; _module_preset=&#8221;default&#8221; text_text_color=&#8221;#FFFFFF&#8221; text_font_size=&#8221;18px&#8221; hover_enabled=&#8221;0&#8243; global_colors_info=&#8221;{}&#8221; sticky_enabled=&#8221;0&#8243;]<\/p>\n<p><strong><span>Le CEPN a cr\u00e9\u00e9 divers outils afin de sensibiliser les gens aux bienfaits des diff\u00e9rents types de participation parentale\u00a0:<\/span><\/strong><\/p>\n<ul>\n<li><em><span><a href=\"https:\/\/cepn-fnec.ca\/implication\/wp-content\/uploads\/2023\/09\/saviez-vous-sept-2023.pdf\" target=\"_blank\" rel=\"noopener\">Le saviez-vous<\/a>?,<\/span><\/em><span> une infolettre sur diff\u00e9rents sujets d\u2019int\u00e9r\u00eat \u00e0 l\u2019intention des parents;<\/span><\/li>\n<li><span>des d\u00e9pliants sur <a href=\"https:\/\/cepn-fnec.ca\/implication\/wp-content\/uploads\/2018\/10\/devoirs-web.pdf\" target=\"_blank\" rel=\"noopener\">les devoirs<\/a>, <a href=\"https:\/\/cepn-fnec.ca\/implication\/wp-content\/uploads\/2018\/10\/lecture-web.pdf\" target=\"_blank\" rel=\"noopener\">la lecture<\/a> en \u00e9t\u00e9 et les <a href=\"https:\/\/cepn-fnec.ca\/implication\/wp-content\/uploads\/2018\/10\/parents-web.pdf\" target=\"_blank\" rel=\"noopener\">six\u00a0types de participation parentale<\/a>;<\/span><\/li>\n<li><span>un <a href=\"https:\/\/cepn-fnec.ca\/implication\/wp-content\/uploads\/2019\/01\/Coffre-a-outils-2018-web.pdf\" target=\"_blank\" rel=\"noopener\">coffre \u00e0 outils<\/a> destin\u00e9 aux \u00e9quipes-\u00e9coles;<\/span><\/li>\n<li><span>une <a href=\"https:\/\/www.youtube.com\/user\/CEPNFNEC\" target=\"_blank\" rel=\"noopener\">vid\u00e9o<\/a> traitant de diff\u00e9rents sujets d\u2019int\u00e9r\u00eat ou de sensibilisation \u00e0 l\u2019intention des parents.<\/span><\/li>\n<\/ul>\n<p><span>Nous offrons \u00e9galement des services de conception d\u2019outils personnalis\u00e9s sur demande. N\u2019h\u00e9sitez pas \u00e0 vous pr\u00e9valoir de nos outils.<\/span><\/p>\n<p><span><\/span><\/p>\n<p><span><\/span><\/p>\n<p><span><\/span><\/p>\n<p><span><\/span><\/p>\n<p><span><\/span><\/p>\n<p><span><\/span><\/p>\n<p><span><\/span><\/p>\n<p><span><\/span><\/p>\n<p><span><\/span><\/p>\n<p><span><\/span><\/p>\n<p>[\/et_pb_text][\/et_pb_column][\/et_pb_row][\/et_pb_section]<\/p>\n","protected":false},"excerpt":{"rendered":"<p>Nos outilsLe CEPN a cr\u00e9\u00e9 divers outils afin de sensibiliser les gens aux bienfaits des diff\u00e9rents types de participation parentale\u00a0: Le saviez-vous?, une infolettre sur diff\u00e9rents sujets d\u2019int\u00e9r\u00eat \u00e0 l\u2019intention des parents; des d\u00e9pliants sur les devoirs, la lecture en \u00e9t\u00e9 et les six\u00a0types de participation parentale; un coffre \u00e0 outils destin\u00e9 aux \u00e9quipes-\u00e9coles; une [&hellip;]<\/p>\n","protected":false},"author":1,"featured_media":0,"parent":0,"menu_order":0,"comment_status":"closed","ping_status":"closed","template":"","meta":{"_et_pb_use_builder":"on","_et_pb_old_content":"","_et_gb_content_width":"","footnotes":""},"class_list":["post-953","page","type-page","status-publish","hentry"],"_links":{"self":[{"href":"https:\/\/cepn-fnec.ca\/implication\/wp-json\/wp\/v2\/pages\/953"}],"collection":[{"href":"https:\/\/cepn-fnec.ca\/implication\/wp-json\/wp\/v2\/pages"}],"about":[{"href":"https:\/\/cepn-fnec.ca\/implication\/wp-json\/wp\/v2\/types\/page"}],"author":[{"embeddable":true,"href":"https:\/\/cepn-fnec.ca\/implication\/wp-json\/wp\/v2\/users\/1"}],"replies":[{"embeddable":true,"href":"https:\/\/cepn-fnec.ca\/implication\/wp-json\/wp\/v2\/comments?post=953"}],"version-history":[{"count":18,"href":"https:\/\/cepn-fnec.ca\/implication\/wp-json\/wp\/v2\/pages\/953\/revisions"}],"predecessor-version":[{"id":1079,"href":"https:\/\/cepn-fnec.ca\/implication\/wp-json\/wp\/v2\/pages\/953\/revisions\/1079"}],"wp:attachment":[{"href":"https:\/\/cepn-fnec.ca\/implication\/wp-json\/wp\/v2\/media?parent=953"}],"curies":[{"name":"wp","href":"https:\/\/api.w.org\/{rel}","templated":true}]}}